{"id":3,"date":"2024-08-19T10:18:43","date_gmt":"2024-08-19T10:18:43","guid":{"rendered":"https:\/\/www.gingerboy.de\/?page_id=3"},"modified":"2025-04-25T17:29:07","modified_gmt":"2025-04-25T17:29:07","slug":"impressum","status":"publish","type":"page","link":"https:\/\/www.gingerboy.de\/?page_id=3","title":{"rendered":"Impressum"},"content":{"rendered":"\n<style type=\"text\/css\" data-created_by=\"avia_inline_auto\" id=\"style-css-av-m1gcw9x6-7e127a8778e20375a8d0e89e4d8e6635\">\n#top .hr.hr-invisible.av-m1gcw9x6-7e127a8778e20375a8d0e89e4d8e6635{\nheight:200px;\n}\n<\/style>\n<div  class='hr av-m1gcw9x6-7e127a8778e20375a8d0e89e4d8e6635 hr-invisible  avia-builder-el-0  el_before_av_textblock  avia-builder-el-first '><span class='hr-inner '><span class=\"hr-inner-style\"><\/span><\/span><\/div>\n<section  class='av_textblock_section av-m1gcqgh0-685b0a3fde034c4463af14351e208bf4 '   itemscope=\"itemscope\" itemtype=\"https:\/\/schema.org\/CreativeWork\" ><div class='avia_textblock'  itemprop=\"text\" ><h1>Impressum<\/h1>\n<\/div><\/section>\n<div  class='flex_column av-5m4h-69843aa60f769eff36e25ba183b737f3 av_two_third  avia-builder-el-2  el_after_av_textblock  el_before_av_one_third  first flex_column_div  column-top-margin'     ><section  class='av_textblock_section av-m1gcn4ur-1edd088d715a27ae5831f9ce19c3cd97 '   itemscope=\"itemscope\" itemtype=\"https:\/\/schema.org\/CreativeWork\" ><div class='avia_textblock'  itemprop=\"text\" ><p>Gingerboy<br \/>\nGlockenstr. 24<br \/>\n40476 D\u00fcsseldorf<\/p>\n<p><strong>Telefon:<\/strong> 0211 566 783 28<br \/>\n<strong>E-Mail:<\/strong> info@gingerboy.de<br \/>\n<strong>Internet<\/strong>: www.gingerboy.de<\/p>\n<p><strong>Inhaber:<\/strong> Jurate Ziukaite-H\u00e4rtel (e.Kfr.)<\/p>\n<p><strong>Zust\u00e4ndige Aufsichtsbeh\u00f6rde:<\/strong><br \/>\nGewerbeamt Stadt D\u00fcsseldorf<\/p>\n<p><strong>USt-IdNr.:<\/strong> DE270923914<\/p>\n<p><strong>Inhaltlich Verantwortlicher gem\u00e4\u00df \u00a7 55 Abs. 2 RStV:<\/strong><br \/>\nJurate Ziukaite-H\u00e4rtel (Anschrift wie oben)<\/p>\n<p><strong>Haftungshinweis:<\/strong><br \/>\nTrotz sorgf\u00e4ltiger inhaltlicher Kontrolle \u00fcbernehmen wir keine Haftung f\u00fcr die Inhalte externer Links. F\u00fcr den Inhalt der verlinkten Seiten sind ausschlie\u00dflich deren Betreiber verantwortlich.<\/p>\n<\/div><\/section><\/div><div  class='flex_column av-2z1z-5d5968754b55d9f836b9a8b9699145d2 av_one_third  avia-builder-el-4  el_after_av_two_third  el_before_av_section  avia-builder-el-last  flex_column_div  column-top-margin'     ><section  class='av_textblock_section av-m1gcpj36-5ced5319b978f648ba37a1ae0eb3dae3 '   itemscope=\"itemscope\" itemtype=\"https:\/\/schema.org\/CreativeWork\" ><div class='avia_textblock'  itemprop=\"text\" ><p><strong>Realisierung:<\/strong><br \/>\nNimaCom IT consulting GmbH<br \/>\nRilkestra\u00dfe 22a<br \/>\nD &#8211; 40668 Meerbusch<br \/>\nTel.: 02150 60 90 8 04<br \/>\nFax: 02150 60 90 8 10<br \/>\nWeb: www.nimacom.de<\/p>\n<\/div><\/section><\/div><\/p>\n<\/div><\/div><\/div><!-- close content main div --><\/div><\/div>\n<style type=\"text\/css\" data-created_by=\"avia_inline_auto\" id=\"style-css-av-av_section-7d89b595b8c0ec65b7472893306801ed\">\n.avia-section.av-av_section-7d89b595b8c0ec65b7472893306801ed{\nbackground-color:#7c2e21;\nbackground-image:unset;\n}\n<\/style>\n<div id='anfahrt'  class='avia-section av-av_section-7d89b595b8c0ec65b7472893306801ed main_color avia-section-small avia-no-border-styling  avia-builder-el-6  el_after_av_one_third  avia-builder-el-last  avia-bg-style-parallax container_wrap sidebar_right'  ><div class='container av-section-cont-open' ><div class='template-page content  av-content-small alpha units'><div class='post-entry post-entry-type-page post-entry-3'><div class='entry-content-wrapper clearfix'>\n\n<style type=\"text\/css\" data-created_by=\"avia_inline_auto\" id=\"style-css-av-m1gcsalq-2e88e40f8ba97dc603595f64b3f69751\">\n#top .av-special-heading.av-m1gcsalq-2e88e40f8ba97dc603595f64b3f69751{\npadding-bottom:0;\ncolor:#ffffff;\n}\nbody .av-special-heading.av-m1gcsalq-2e88e40f8ba97dc603595f64b3f69751 .av-special-heading-tag .heading-char{\nfont-size:25px;\n}\n.av-special-heading.av-m1gcsalq-2e88e40f8ba97dc603595f64b3f69751 .special-heading-inner-border{\nborder-color:#ffffff;\n}\n.av-special-heading.av-m1gcsalq-2e88e40f8ba97dc603595f64b3f69751 .av-subheading{\nfont-size:15px;\n}\n<\/style>\n<div  class='av-special-heading av-m1gcsalq-2e88e40f8ba97dc603595f64b3f69751 av-special-heading-h3 custom-color-heading blockquote modern-quote modern-centered  avia-builder-el-7  avia-builder-el-no-sibling '><h3 class='av-special-heading-tag '  itemprop=\"headline\"  ><a href=\"https:\/\/www.google.de\/maps\/place\/Gingerboy\/@51.2456025,6.7838608,17z\/data=!4m6!3m5!1s0x47b8c9926ef64609:0x28ec2097a9c5942d!8m2!3d51.2456025!4d6.7864357!16s%2Fg%2F1tm67_xs?entry=ttu&#038;g_ep=EgoyMDI0MDkwMi4xIKXMDSoASAFQAw%3D%3D\" target=\"blank\" style=\"text-decoration:none;\" rel=\"noopener\">GINGERBOY \u00ae | GLOCKENSTRASSE 24 | 40476 D\u00dcSSELDORF<\/h3><div class=\"special-heading-border\"><div class=\"special-heading-inner-border\"><\/div><\/div><\/div>\n<\/div><\/div><\/div><!-- close content main div --><\/div><\/div><div id='after_section_1'  class='main_color av_default_container_wrap container_wrap sidebar_right'  ><div class='container av-section-cont-open' ><div class='template-page content  av-content-small alpha units'><div class='post-entry post-entry-type-page post-entry-3'><div class='entry-content-wrapper clearfix'>\n","protected":false},"excerpt":{"rendered":"","protected":false},"author":1,"featured_media":0,"parent":0,"menu_order":0,"comment_status":"closed","ping_status":"closed","template":"","meta":{"footnotes":""},"class_list":["post-3","page","type-page","status-publish","hentry"],"_links":{"self":[{"href":"https:\/\/www.gingerboy.de\/index.php?rest_route=\/wp\/v2\/pages\/3","targetHints":{"allow":["GET"]}}],"collection":[{"href":"https:\/\/www.gingerboy.de\/index.php?rest_route=\/wp\/v2\/pages"}],"about":[{"href":"https:\/\/www.gingerboy.de\/index.php?rest_route=\/wp\/v2\/types\/page"}],"author":[{"embeddable":true,"href":"https:\/\/www.gingerboy.de\/index.php?rest_route=\/wp\/v2\/users\/1"}],"replies":[{"embeddable":true,"href":"https:\/\/www.gingerboy.de\/index.php?rest_route=%2Fwp%2Fv2%2Fcomments&post=3"}],"version-history":[{"count":10,"href":"https:\/\/www.gingerboy.de\/index.php?rest_route=\/wp\/v2\/pages\/3\/revisions"}],"predecessor-version":[{"id":998,"href":"https:\/\/www.gingerboy.de\/index.php?rest_route=\/wp\/v2\/pages\/3\/revisions\/998"}],"wp:attachment":[{"href":"https:\/\/www.gingerboy.de\/index.php?rest_route=%2Fwp%2Fv2%2Fmedia&parent=3"}],"curies":[{"name":"wp","href":"https:\/\/api.w.org\/{rel}","templated":true}]}}